{"id":388,"date":"2025-11-10T19:57:24","date_gmt":"2025-11-10T19:57:24","guid":{"rendered":"https:\/\/raquelfsaez.com\/?post_type=product&#038;p=388"},"modified":"2025-11-10T19:58:20","modified_gmt":"2025-11-10T19:58:20","slug":"escorpio","status":"publish","type":"product","link":"https:\/\/raquelfsaez.com\/index.php\/producto\/escorpio\/","title":{"rendered":"Escorpio"},"content":{"rendered":"<p>Serie Hor\u00f3scopo.<\/p>\n<p>T\u00edtulo: Escorpio<\/p>\n<p>L\u00e1piz de grafito y pintura acr\u00edlica sobre papel. Din A4<\/p>\n<p>Las ilustraciones originales est\u00e1n exentas del I.V.A., seg\u00fan la Ley 37\/1992, de 28 de diciembre, del Impuesto sobre el Valor A\u00f1adido<\/p>\n","protected":false},"excerpt":{"rendered":"<p>Ilustraci\u00f3n original de Virgo. L\u00e1piz y pintura acr\u00edlica sobre papel.<\/p>\n","protected":false},"featured_media":378,"comment_status":"open","ping_status":"closed","template":"","meta":{"saved_in_kubio":false},"product_brand":[],"product_cat":[28],"product_tag":[37,38,36,35],"class_list":{"0":"post-388","1":"product","2":"type-product","3":"status-publish","4":"has-post-thumbnail","6":"product_cat-sin-categorizar","7":"product_tag-horoscope","8":"product_tag-horoscopo","9":"product_tag-illustration","10":"product_tag-ilustracion","11":"product_shipping_class-paquete-nacional-hasta-1kg","13":"first","14":"instock","15":"sold-individually","16":"purchasable","17":"product-type-simple"},"yoast_head":"<!-- This site is optimized with the Yoast SEO plugin v24.7 - https:\/\/yoast.com\/wordpress\/plugins\/seo\/ -->\n<title>Escorpio - Raquel F. S\u00e1ez<\/title>\n<meta name=\"description\" content=\"L\u00e1piz de grafito y pintura acr\u00edlica sobre papel. Din A4\" \/>\n<meta name=\"robots\" content=\"index, follow, max-snippet:-1, max-image-preview:large, max-video-preview:-1\" \/>\n<link rel=\"canonical\" href=\"https:\/\/raquelfsaez.com\/index.php\/producto\/escorpio\/\" \/>\n<meta property=\"og:locale\" content=\"es_ES\" \/>\n<meta property=\"og:type\" content=\"article\" \/>\n<meta property=\"og:title\" content=\"Escorpio - Raquel F. S\u00e1ez\" \/>\n<meta property=\"og:description\" content=\"L\u00e1piz de grafito y pintura acr\u00edlica sobre papel. Din A4\" \/>\n<meta property=\"og:url\" content=\"https:\/\/raquelfsaez.com\/index.php\/producto\/escorpio\/\" \/>\n<meta property=\"og:site_name\" content=\"Raquel F. S\u00e1ez\" \/>\n<meta property=\"article:modified_time\" content=\"2025-11-10T19:58:20+00:00\" \/>\n<meta property=\"og:image\" content=\"https:\/\/raquelfsaez.com\/wp-content\/uploads\/2025\/11\/escorpio72pppA5RGB.jpg\" \/>\n\t<meta property=\"og:image:width\" content=\"397\" \/>\n\t<meta property=\"og:image:height\" content=\"565\" \/>\n\t<meta property=\"og:image:type\" content=\"image\/jpeg\" \/>\n<meta name=\"twitter:card\" content=\"summary_large_image\" \/>\n<meta name=\"twitter:label1\" content=\"Tiempo de lectura\" \/>\n\t<meta name=\"twitter:data1\" content=\"1 minuto\" \/>\n<script type=\"application\/ld+json\" class=\"yoast-schema-graph\">{\"@context\":\"https:\/\/schema.org\",\"@graph\":[{\"@type\":\"WebPage\",\"@id\":\"https:\/\/raquelfsaez.com\/index.php\/producto\/escorpio\/\",\"url\":\"https:\/\/raquelfsaez.com\/index.php\/producto\/escorpio\/\",\"name\":\"Escorpio - Raquel F. S\u00e1ez\",\"isPartOf\":{\"@id\":\"https:\/\/raquelfsaez.com\/#website\"},\"primaryImageOfPage\":{\"@id\":\"https:\/\/raquelfsaez.com\/index.php\/producto\/escorpio\/#primaryimage\"},\"image\":{\"@id\":\"https:\/\/raquelfsaez.com\/index.php\/producto\/escorpio\/#primaryimage\"},\"thumbnailUrl\":\"https:\/\/raquelfsaez.com\/wp-content\/uploads\/2025\/11\/escorpio72pppA5RGB.jpg\",\"datePublished\":\"2025-11-10T19:57:24+00:00\",\"dateModified\":\"2025-11-10T19:58:20+00:00\",\"description\":\"L\u00e1piz de grafito y pintura acr\u00edlica sobre papel. Din A4\",\"breadcrumb\":{\"@id\":\"https:\/\/raquelfsaez.com\/index.php\/producto\/escorpio\/#breadcrumb\"},\"inLanguage\":\"es\",\"potentialAction\":[{\"@type\":\"ReadAction\",\"target\":[\"https:\/\/raquelfsaez.com\/index.php\/producto\/escorpio\/\"]}]},{\"@type\":\"ImageObject\",\"inLanguage\":\"es\",\"@id\":\"https:\/\/raquelfsaez.com\/index.php\/producto\/escorpio\/#primaryimage\",\"url\":\"https:\/\/raquelfsaez.com\/wp-content\/uploads\/2025\/11\/escorpio72pppA5RGB.jpg\",\"contentUrl\":\"https:\/\/raquelfsaez.com\/wp-content\/uploads\/2025\/11\/escorpio72pppA5RGB.jpg\",\"width\":397,\"height\":565},{\"@type\":\"BreadcrumbList\",\"@id\":\"https:\/\/raquelfsaez.com\/index.php\/producto\/escorpio\/#breadcrumb\",\"itemListElement\":[{\"@type\":\"ListItem\",\"position\":1,\"name\":\"Portada\",\"item\":\"https:\/\/raquelfsaez.com\/\"},{\"@type\":\"ListItem\",\"position\":2,\"name\":\"Tienda\",\"item\":\"https:\/\/raquelfsaez.com\/index.php\/tienda\/\"},{\"@type\":\"ListItem\",\"position\":3,\"name\":\"Escorpio\"}]},{\"@type\":\"WebSite\",\"@id\":\"https:\/\/raquelfsaez.com\/#website\",\"url\":\"https:\/\/raquelfsaez.com\/\",\"name\":\"Raquel F. S\u00e1ez\",\"description\":\"Thoughtful illustration\",\"publisher\":{\"@id\":\"https:\/\/raquelfsaez.com\/#organization\"},\"potentialAction\":[{\"@type\":\"SearchAction\",\"target\":{\"@type\":\"EntryPoint\",\"urlTemplate\":\"https:\/\/raquelfsaez.com\/?s={search_term_string}\"},\"query-input\":{\"@type\":\"PropertyValueSpecification\",\"valueRequired\":true,\"valueName\":\"search_term_string\"}}],\"inLanguage\":\"es\"},{\"@type\":\"Organization\",\"@id\":\"https:\/\/raquelfsaez.com\/#organization\",\"name\":\"Raquel F. S\u00e1ez\",\"url\":\"https:\/\/raquelfsaez.com\/\",\"logo\":{\"@type\":\"ImageObject\",\"inLanguage\":\"es\",\"@id\":\"https:\/\/raquelfsaez.com\/#\/schema\/logo\/image\/\",\"url\":\"https:\/\/raquelfsaez.com\/wp-content\/uploads\/2025\/05\/cabeceraWebSoloLogo.png\",\"contentUrl\":\"https:\/\/raquelfsaez.com\/wp-content\/uploads\/2025\/05\/cabeceraWebSoloLogo.png\",\"width\":702,\"height\":208,\"caption\":\"Raquel F. S\u00e1ez\"},\"image\":{\"@id\":\"https:\/\/raquelfsaez.com\/#\/schema\/logo\/image\/\"}}]}<\/script>\n<!-- \/ Yoast SEO plugin. -->","yoast_head_json":{"title":"Escorpio - Raquel F. S\u00e1ez","description":"L\u00e1piz de grafito y pintura acr\u00edlica sobre papel. Din A4","robots":{"index":"index","follow":"follow","max-snippet":"max-snippet:-1","max-image-preview":"max-image-preview:large","max-video-preview":"max-video-preview:-1"},"canonical":"https:\/\/raquelfsaez.com\/index.php\/producto\/escorpio\/","og_locale":"es_ES","og_type":"article","og_title":"Escorpio - Raquel F. S\u00e1ez","og_description":"L\u00e1piz de grafito y pintura acr\u00edlica sobre papel. Din A4","og_url":"https:\/\/raquelfsaez.com\/index.php\/producto\/escorpio\/","og_site_name":"Raquel F. S\u00e1ez","article_modified_time":"2025-11-10T19:58:20+00:00","og_image":[{"width":397,"height":565,"url":"https:\/\/raquelfsaez.com\/wp-content\/uploads\/2025\/11\/escorpio72pppA5RGB.jpg","type":"image\/jpeg"}],"twitter_card":"summary_large_image","twitter_misc":{"Tiempo de lectura":"1 minuto"},"schema":{"@context":"https:\/\/schema.org","@graph":[{"@type":"WebPage","@id":"https:\/\/raquelfsaez.com\/index.php\/producto\/escorpio\/","url":"https:\/\/raquelfsaez.com\/index.php\/producto\/escorpio\/","name":"Escorpio - Raquel F. S\u00e1ez","isPartOf":{"@id":"https:\/\/raquelfsaez.com\/#website"},"primaryImageOfPage":{"@id":"https:\/\/raquelfsaez.com\/index.php\/producto\/escorpio\/#primaryimage"},"image":{"@id":"https:\/\/raquelfsaez.com\/index.php\/producto\/escorpio\/#primaryimage"},"thumbnailUrl":"https:\/\/raquelfsaez.com\/wp-content\/uploads\/2025\/11\/escorpio72pppA5RGB.jpg","datePublished":"2025-11-10T19:57:24+00:00","dateModified":"2025-11-10T19:58:20+00:00","description":"L\u00e1piz de grafito y pintura acr\u00edlica sobre papel. Din A4","breadcrumb":{"@id":"https:\/\/raquelfsaez.com\/index.php\/producto\/escorpio\/#breadcrumb"},"inLanguage":"es","potentialAction":[{"@type":"ReadAction","target":["https:\/\/raquelfsaez.com\/index.php\/producto\/escorpio\/"]}]},{"@type":"ImageObject","inLanguage":"es","@id":"https:\/\/raquelfsaez.com\/index.php\/producto\/escorpio\/#primaryimage","url":"https:\/\/raquelfsaez.com\/wp-content\/uploads\/2025\/11\/escorpio72pppA5RGB.jpg","contentUrl":"https:\/\/raquelfsaez.com\/wp-content\/uploads\/2025\/11\/escorpio72pppA5RGB.jpg","width":397,"height":565},{"@type":"BreadcrumbList","@id":"https:\/\/raquelfsaez.com\/index.php\/producto\/escorpio\/#breadcrumb","itemListElement":[{"@type":"ListItem","position":1,"name":"Portada","item":"https:\/\/raquelfsaez.com\/"},{"@type":"ListItem","position":2,"name":"Tienda","item":"https:\/\/raquelfsaez.com\/index.php\/tienda\/"},{"@type":"ListItem","position":3,"name":"Escorpio"}]},{"@type":"WebSite","@id":"https:\/\/raquelfsaez.com\/#website","url":"https:\/\/raquelfsaez.com\/","name":"Raquel F. S\u00e1ez","description":"Thoughtful illustration","publisher":{"@id":"https:\/\/raquelfsaez.com\/#organization"},"potentialAction":[{"@type":"SearchAction","target":{"@type":"EntryPoint","urlTemplate":"https:\/\/raquelfsaez.com\/?s={search_term_string}"},"query-input":{"@type":"PropertyValueSpecification","valueRequired":true,"valueName":"search_term_string"}}],"inLanguage":"es"},{"@type":"Organization","@id":"https:\/\/raquelfsaez.com\/#organization","name":"Raquel F. S\u00e1ez","url":"https:\/\/raquelfsaez.com\/","logo":{"@type":"ImageObject","inLanguage":"es","@id":"https:\/\/raquelfsaez.com\/#\/schema\/logo\/image\/","url":"https:\/\/raquelfsaez.com\/wp-content\/uploads\/2025\/05\/cabeceraWebSoloLogo.png","contentUrl":"https:\/\/raquelfsaez.com\/wp-content\/uploads\/2025\/05\/cabeceraWebSoloLogo.png","width":702,"height":208,"caption":"Raquel F. S\u00e1ez"},"image":{"@id":"https:\/\/raquelfsaez.com\/#\/schema\/logo\/image\/"}}]}},"_links":{"self":[{"href":"https:\/\/raquelfsaez.com\/index.php\/wp-json\/wp\/v2\/product\/388","targetHints":{"allow":["GET"]}}],"collection":[{"href":"https:\/\/raquelfsaez.com\/index.php\/wp-json\/wp\/v2\/product"}],"about":[{"href":"https:\/\/raquelfsaez.com\/index.php\/wp-json\/wp\/v2\/types\/product"}],"replies":[{"embeddable":true,"href":"https:\/\/raquelfsaez.com\/index.php\/wp-json\/wp\/v2\/comments?post=388"}],"wp:featuredmedia":[{"embeddable":true,"href":"https:\/\/raquelfsaez.com\/index.php\/wp-json\/wp\/v2\/media\/378"}],"wp:attachment":[{"href":"https:\/\/raquelfsaez.com\/index.php\/wp-json\/wp\/v2\/media?parent=388"}],"wp:term":[{"taxonomy":"product_brand","embeddable":true,"href":"https:\/\/raquelfsaez.com\/index.php\/wp-json\/wp\/v2\/product_brand?post=388"},{"taxonomy":"product_cat","embeddable":true,"href":"https:\/\/raquelfsaez.com\/index.php\/wp-json\/wp\/v2\/product_cat?post=388"},{"taxonomy":"product_tag","embeddable":true,"href":"https:\/\/raquelfsaez.com\/index.php\/wp-json\/wp\/v2\/product_tag?post=388"}],"curies":[{"name":"wp","href":"https:\/\/api.w.org\/{rel}","templated":true}]}}